{"id":977,"date":"2023-04-26T16:09:21","date_gmt":"2023-04-26T16:09:21","guid":{"rendered":"https:\/\/laminadosysergraf.es\/?page_id=977"},"modified":"2024-02-26T15:12:40","modified_gmt":"2024-02-26T15:12:40","slug":"politica-privacidad","status":"publish","type":"page","link":"https:\/\/laminadosysergraf.es\/index.php\/politica-privacidad\/","title":{"rendered":"Pol\u00edtica de privacidad"},"content":{"rendered":"\n<div class=\"wp-block-essential-blocks-advanced-heading\"><div class=\"eb-parent-wrapper eb-parent-eb-advance-heading-ltqbl2f \"><div class=\"eb-advance-heading-wrapper eb-advance-heading-ltqbl2f button-1\" data-id=\"eb-advance-heading-ltqbl2f\"><h2 class=\"eb-ah-title\">Pol\u00edtica de privacidad<\/h2><\/div><\/div><\/div>\n\n\n\n<div class=\"wp-block-uagb-container uagb-block-c373a1d0 alignfull uagb-is-root-container\"><div class=\"uagb-container-inner-blocks-wrap\">\n<p>En LAMINADOS Y SERVICIOS GRAFICOS SL nos preocupamos por la privacidad y la transparencia. <br>A continuaci\u00f3n, le indicamos en detalle los tratamientos de datos personales que realizamos, as\u00ed como toda la informaci\u00f3n relativa a los mismos.<\/p>\n<\/div><\/div>\n\n\n\n<h4 class=\"wp-block-heading has-text-align-center\"><strong> Tratamiento de los datos de potenciales clientes y contactos<\/strong><\/h4>\n\n\n\n<p class=\"has-text-align-center\"><strong>Informaci\u00f3n b\u00e1sica sobre Protecci\u00f3n de datos<\/strong><\/p>\n\n\n\n<figure class=\"wp-block-table\"><table><tbody><tr><td><strong>Responsable:<\/strong><\/td><td>LAMINADOS Y SERVICIOS GR\u00c1FICOS S.L.                             <\/td><\/tr><tr><td><strong>Finalidad:<\/strong><\/td><td>Atender su solicitud y enviarle comunicaciones promocionales<\/td><\/tr><tr><td><strong>Legitimaci\u00f3n:<\/strong><\/td><td>Ejecuci\u00f3n de un contrato.<br>Consentimiento del interesado.<br>Inter\u00e9s leg\u00edtimo del Responsable.<\/td><\/tr><tr><td><strong>Destinatarios:<\/strong><\/td><td>No se ceder\u00e1n datos a terceros, salvo obligaci\u00f3n legal.<\/td><\/tr><tr><td><strong>Derechos:<\/strong><\/td><td>Tiene derecho a acceder, rectificar y suprimir los datos, as\u00ed como<br>otros derechos, indicados en la informaci\u00f3n adicional, que puede<br>ejercer dirigi\u00e9ndose a la direcci\u00f3n del responsable del tratamiento<\/td><\/tr><tr><td><strong>Procedencia:<\/strong><\/td><td>El propio interesado<\/td><\/tr><\/tbody><\/table><\/figure>\n\n\n\n<h4 class=\"wp-block-heading has-text-align-left\"><strong>Informaci\u00f3n completa sobre Protecci\u00f3n de Datos<\/strong><\/h4>\n\n\n\n<h4 class=\"wp-block-heading has-text-align-left\">1. <strong>\u00bfQui\u00e9n es el responsable del tratamiento de sus datos?<\/strong><\/h4>\n\n\n\n<p>LAMINADOS Y SERVICIOS GRAFICOS SL<br>B02435782<br>PARQUE INDUSTRIAL CAMPOLLANO C\/F 29, NAVE 7 &#8211; 02008 &#8211; ALBACETE<br>967592119<br>laminadosysgsl@gmail.com<\/p>\n\n\n\n<h4 class=\"wp-block-heading has-text-align-left\">2. \u00bfCon qu\u00e9 finalidad tratamos sus datos personales?<\/h4>\n\n\n\n<p>En LAMINADOS Y SERVICIOS GRAFICOS SL tratamos la informaci\u00f3n que nos<br>facilitan las personas interesadas con el fin de realizar la gesti\u00f3n de potenciales clientes<br>que se han interesado sobre nuestros productos y\/o servicios, as\u00ed como otros contactos<br>comerciales y realizar, en su caso, el env\u00edo de comunicaciones promocionales, inclusive<br>por v\u00eda electr\u00f3nica. En el caso de que no facilite sus datos personales, no podremos<br>cumplir con las finalidades descritas<\/p>\n\n\n\n<p>No se van a tomar decisiones automatizadas en base a los datos proporcionados.<\/p>\n\n\n\n<h4 class=\"wp-block-heading has-text-align-left\">3. \u00bfPor cu\u00e1nto tiempo conservaremos sus datos?<\/h4>\n\n\n\n<p>Los datos se conservar\u00e1n mientras el interesado no solicite su supresi\u00f3n.<\/p>\n\n\n\n<h4 class=\"wp-block-heading has-text-align-left\">4. \u00bfCu\u00e1l es la legitimaci\u00f3n para el tratamiento de sus datos?<\/h4>\n\n\n\n<p>Le indicamos la base legal para el tratamiento de sus datos:<br>      &#8211; Ejecuci\u00f3n de un contrato: Gesti\u00f3n de potenciales clientes que se han interesado<br>sobre nuestros productos y\/o servicios. (RGPD, art. 6.1.b).<br>      &#8211; Consentimiento del interesado: Enviar comunicaciones promocionales, inclusive<br>por v\u00eda electr\u00f3nica. (RGPD, art. 6.1.a, LSSICE art.21).<br>      -Inter\u00e9s leg\u00edtimo del Responsable: Gesti\u00f3n de los datos de contacto profesionales<br>(LOPDGDD art.19, RGPD art. 6.1.f).<\/p>\n\n\n\n<h4 class=\"wp-block-heading has-text-align-left\">5. \u00bfA qu\u00e9 destinatarios se comunicar\u00e1n sus datos?<\/h4>\n\n\n\n<p>No se ceder\u00e1n datos a terceros, salvo obligaci\u00f3n legal.<\/p>\n\n\n\n<h4 class=\"wp-block-heading has-text-align-left\">6. Transferencias de datos a terceros pa\u00edses<\/h4>\n\n\n\n<p>No est\u00e1n previstas transferencias de datos a terceros pa\u00edses.<\/p>\n\n\n\n<h4 class=\"wp-block-heading has-text-align-left\">7. \u00bfCu\u00e1les son sus derechos cuando nos facilita sus datos?<\/h4>\n\n\n\n<p>Cualquier persona tiene derecho a obtener confirmaci\u00f3n sobre si en LAMINADOS Y<br>SERVICIOS GRAFICOS SL estamos tratando, o no, datos personales que les<br>conciernan.<\/p>\n\n\n\n<p>Las personas interesadas tienen derecho a acceder a sus datos personales, as\u00ed como a<br>solicitar la rectificaci\u00f3n de los datos inexactos o, en su caso, solicitar su supresi\u00f3n<br>cuando, entre otros motivos, los datos ya no sean necesarios para los fines que fueron<br>recogidos. Igualmente tiene derecho a la portabilidad de sus datos.<\/p>\n\n\n\n<p>En determinadas circunstancias, los interesados podr\u00e1n solicitar la limitaci\u00f3n del<br>tratamiento de sus datos, en cuyo caso \u00fanicamente los conservaremos para el ejercicio o<br>la defensa de reclamaciones.<\/p>\n\n\n\n<p>En determinadas circunstancias y por motivos relacionados con su situaci\u00f3n particular,<br>los interesados podr\u00e1n oponerse al tratamiento de sus datos. En este caso,<br>LAMINADOS Y SERVICIOS GRAFICOS SL dejar\u00e1 de tratar los datos, salvo por<br>motivos leg\u00edtimos imperiosos, o el ejercicio o la defensa de posibles reclamaciones.<\/p>\n\n\n\n<p>Podr\u00e1 ejercitar materialmente sus derechos de la siguiente forma: dirigi\u00e9ndose a la<br>direcci\u00f3n del responsable del tratamiento<\/p>\n\n\n\n<p>Cuando se realice el env\u00edo de comunicaciones comerciales utilizando como base<br>jur\u00eddica el inter\u00e9s leg\u00edtimo del responsable, el interesado podr\u00e1 oponerse al tratamiento<br>de sus datos con ese fin.<\/p>\n\n\n\n<p>Si ha otorgado su consentimiento para alguna finalidad concreta, tiene derecho a retirar<br>el consentimiento otorgado en cualquier momento, sin que ello afecte a la licitud del<br>tratamiento basado en el consentimiento previo a su retirada.<\/p>\n\n\n\n<p>En caso de que sienta vulnerados sus derechos en lo concerniente a la protecci\u00f3n de sus<br>datos personales, especialmente cuando no haya obtenido satisfacci\u00f3n en el ejercicio de<br>sus derechos, puede presentar una reclamaci\u00f3n ante la Autoridad de Control en materia<br>de Protecci\u00f3n de Datos competente a trav\u00e9s de su sitio web: www.aepd.es<\/p>\n\n\n\n<h4 class=\"wp-block-heading has-text-align-left\">8. \u00bfC\u00f3mo hemos obtenido sus datos?<\/h4>\n\n\n\n<p>Los datos personales que tratamos en LAMINADOS Y SERVICIOS GRAFICOS SL<br>proceden de: El propio interesado.<\/p>\n","protected":false},"excerpt":{"rendered":"<p>En LAMINADOS Y SERVICIOS GRAFICOS SL nos preocupamos por la privacidad y la transparencia. A continuaci\u00f3n, le indicamos en detalle los tratamientos de datos personales que realizamos, as\u00ed como toda la informaci\u00f3n relativa a los mismos. Tratamiento de los datos de potenciales clientes y contactos Informaci\u00f3n b\u00e1sica sobre Protecci\u00f3n de datos Responsable: LAMINADOS Y SERVICIOS &hellip;<\/p>\n<p class=\"read-more\"> <a class=\"\" href=\"https:\/\/laminadosysergraf.es\/index.php\/politica-privacidad\/\"> <span class=\"screen-reader-text\">Pol\u00edtica de privacidad<\/span> Leer m\u00e1s &raquo;<\/a><\/p>\n","protected":false},"author":1,"featured_media":0,"parent":0,"menu_order":0,"comment_status":"closed","ping_status":"closed","template":"","meta":{"_eb_attr":"","_uag_custom_page_level_css":"","site-sidebar-layout":"no-sidebar","site-content-layout":"plain-container","ast-global-header-display":"","ast-main-header-display":"","ast-hfb-above-header-display":"","ast-hfb-below-header-display":"","ast-hfb-mobile-header-display":"","site-post-title":"disabled","ast-breadcrumbs-content":"disabled","ast-featured-img":"disabled","footer-sml-layout":"","theme-transparent-header-meta":"disabled","adv-header-id-meta":"","stick-header-meta":"","header-above-stick-meta":"","header-main-stick-meta":"","header-below-stick-meta":"","_themeisle_gutenberg_block_has_review":false,"footnotes":""},"class_list":["post-977","page","type-page","status-publish","hentry"],"yoast_head":"<!-- This site is optimized with the Yoast SEO plugin v20.13 - https:\/\/yoast.com\/wordpress\/plugins\/seo\/ -->\n<title>Pol\u00edtica de privacidad - Laminados y Servicios Gr\u00e1ficos S.L.<\/title>\n<meta name=\"robots\" content=\"index, follow, max-snippet:-1, max-image-preview:large, max-video-preview:-1\" \/>\n<link rel=\"canonical\" href=\"https:\/\/laminadosysergraf.es\/index.php\/politica-privacidad\/\" \/>\n<meta property=\"og:locale\" content=\"es_ES\" \/>\n<meta property=\"og:type\" content=\"article\" \/>\n<meta property=\"og:title\" content=\"Pol\u00edtica de privacidad - Laminados y Servicios Gr\u00e1ficos S.L.\" \/>\n<meta property=\"og:description\" content=\"En LAMINADOS Y SERVICIOS GRAFICOS SL nos preocupamos por la privacidad y la transparencia. A continuaci\u00f3n, le indicamos en detalle los tratamientos de datos personales que realizamos, as\u00ed como toda la informaci\u00f3n relativa a los mismos. Tratamiento de los datos de potenciales clientes y contactos Informaci\u00f3n b\u00e1sica sobre Protecci\u00f3n de datos Responsable: LAMINADOS Y SERVICIOS &hellip; Pol\u00edtica de privacidad Leer m\u00e1s &raquo;\" \/>\n<meta property=\"og:url\" content=\"https:\/\/laminadosysergraf.es\/index.php\/politica-privacidad\/\" \/>\n<meta property=\"og:site_name\" content=\"Laminados y Servicios Gr\u00e1ficos S.L.\" \/>\n<meta property=\"article:modified_time\" content=\"2024-02-26T15:12:40+00:00\" \/>\n<meta name=\"twitter:card\" content=\"summary_large_image\" \/>\n<meta name=\"twitter:label1\" content=\"Tiempo de lectura\" \/>\n\t<meta name=\"twitter:data1\" content=\"4 minutos\" \/>\n<script type=\"application\/ld+json\" class=\"yoast-schema-graph\">{\"@context\":\"https:\/\/schema.org\",\"@graph\":[{\"@type\":\"WebPage\",\"@id\":\"https:\/\/laminadosysergraf.es\/index.php\/politica-privacidad\/\",\"url\":\"https:\/\/laminadosysergraf.es\/index.php\/politica-privacidad\/\",\"name\":\"Pol\u00edtica de privacidad - Laminados y Servicios Gr\u00e1ficos S.L.\",\"isPartOf\":{\"@id\":\"https:\/\/laminadosysergraf.es\/#website\"},\"datePublished\":\"2023-04-26T16:09:21+00:00\",\"dateModified\":\"2024-02-26T15:12:40+00:00\",\"breadcrumb\":{\"@id\":\"https:\/\/laminadosysergraf.es\/index.php\/politica-privacidad\/#breadcrumb\"},\"inLanguage\":\"es\",\"potentialAction\":[{\"@type\":\"ReadAction\",\"target\":[\"https:\/\/laminadosysergraf.es\/index.php\/politica-privacidad\/\"]}]},{\"@type\":\"BreadcrumbList\",\"@id\":\"https:\/\/laminadosysergraf.es\/index.php\/politica-privacidad\/#breadcrumb\",\"itemListElement\":[{\"@type\":\"ListItem\",\"position\":1,\"name\":\"Portada\",\"item\":\"https:\/\/laminadosysergraf.es\/\"},{\"@type\":\"ListItem\",\"position\":2,\"name\":\"Pol\u00edtica de privacidad\"}]},{\"@type\":\"WebSite\",\"@id\":\"https:\/\/laminadosysergraf.es\/#website\",\"url\":\"https:\/\/laminadosysergraf.es\/\",\"name\":\"Laminados y Servicios Gr\u00e1ficos S.L.\",\"description\":\"\",\"publisher\":{\"@id\":\"https:\/\/laminadosysergraf.es\/#organization\"},\"potentialAction\":[{\"@type\":\"SearchAction\",\"target\":{\"@type\":\"EntryPoint\",\"urlTemplate\":\"https:\/\/laminadosysergraf.es\/?s={search_term_string}\"},\"query-input\":\"required name=search_term_string\"}],\"inLanguage\":\"es\"},{\"@type\":\"Organization\",\"@id\":\"https:\/\/laminadosysergraf.es\/#organization\",\"name\":\"Laminados y Servicios Gr\u00e1ficos S.L.\",\"url\":\"https:\/\/laminadosysergraf.es\/\",\"logo\":{\"@type\":\"ImageObject\",\"inLanguage\":\"es\",\"@id\":\"https:\/\/laminadosysergraf.es\/#\/schema\/logo\/image\/\",\"url\":\"https:\/\/laminadosysergraf.es\/wp-content\/uploads\/2023\/04\/LOGO-LAMINADOS-2-1.jpg\",\"contentUrl\":\"https:\/\/laminadosysergraf.es\/wp-content\/uploads\/2023\/04\/LOGO-LAMINADOS-2-1.jpg\",\"width\":2500,\"height\":955,\"caption\":\"Laminados y Servicios Gr\u00e1ficos S.L.\"},\"image\":{\"@id\":\"https:\/\/laminadosysergraf.es\/#\/schema\/logo\/image\/\"}}]}<\/script>\n<!-- \/ Yoast SEO plugin. -->","yoast_head_json":{"title":"Pol\u00edtica de privacidad - Laminados y Servicios Gr\u00e1ficos S.L.","robots":{"index":"index","follow":"follow","max-snippet":"max-snippet:-1","max-image-preview":"max-image-preview:large","max-video-preview":"max-video-preview:-1"},"canonical":"https:\/\/laminadosysergraf.es\/index.php\/politica-privacidad\/","og_locale":"es_ES","og_type":"article","og_title":"Pol\u00edtica de privacidad - Laminados y Servicios Gr\u00e1ficos S.L.","og_description":"En LAMINADOS Y SERVICIOS GRAFICOS SL nos preocupamos por la privacidad y la transparencia. A continuaci\u00f3n, le indicamos en detalle los tratamientos de datos personales que realizamos, as\u00ed como toda la informaci\u00f3n relativa a los mismos. Tratamiento de los datos de potenciales clientes y contactos Informaci\u00f3n b\u00e1sica sobre Protecci\u00f3n de datos Responsable: LAMINADOS Y SERVICIOS &hellip; Pol\u00edtica de privacidad Leer m\u00e1s &raquo;","og_url":"https:\/\/laminadosysergraf.es\/index.php\/politica-privacidad\/","og_site_name":"Laminados y Servicios Gr\u00e1ficos S.L.","article_modified_time":"2024-02-26T15:12:40+00:00","twitter_card":"summary_large_image","twitter_misc":{"Tiempo de lectura":"4 minutos"},"schema":{"@context":"https:\/\/schema.org","@graph":[{"@type":"WebPage","@id":"https:\/\/laminadosysergraf.es\/index.php\/politica-privacidad\/","url":"https:\/\/laminadosysergraf.es\/index.php\/politica-privacidad\/","name":"Pol\u00edtica de privacidad - Laminados y Servicios Gr\u00e1ficos S.L.","isPartOf":{"@id":"https:\/\/laminadosysergraf.es\/#website"},"datePublished":"2023-04-26T16:09:21+00:00","dateModified":"2024-02-26T15:12:40+00:00","breadcrumb":{"@id":"https:\/\/laminadosysergraf.es\/index.php\/politica-privacidad\/#breadcrumb"},"inLanguage":"es","potentialAction":[{"@type":"ReadAction","target":["https:\/\/laminadosysergraf.es\/index.php\/politica-privacidad\/"]}]},{"@type":"BreadcrumbList","@id":"https:\/\/laminadosysergraf.es\/index.php\/politica-privacidad\/#breadcrumb","itemListElement":[{"@type":"ListItem","position":1,"name":"Portada","item":"https:\/\/laminadosysergraf.es\/"},{"@type":"ListItem","position":2,"name":"Pol\u00edtica de privacidad"}]},{"@type":"WebSite","@id":"https:\/\/laminadosysergraf.es\/#website","url":"https:\/\/laminadosysergraf.es\/","name":"Laminados y Servicios Gr\u00e1ficos S.L.","description":"","publisher":{"@id":"https:\/\/laminadosysergraf.es\/#organization"},"potentialAction":[{"@type":"SearchAction","target":{"@type":"EntryPoint","urlTemplate":"https:\/\/laminadosysergraf.es\/?s={search_term_string}"},"query-input":"required name=search_term_string"}],"inLanguage":"es"},{"@type":"Organization","@id":"https:\/\/laminadosysergraf.es\/#organization","name":"Laminados y Servicios Gr\u00e1ficos S.L.","url":"https:\/\/laminadosysergraf.es\/","logo":{"@type":"ImageObject","inLanguage":"es","@id":"https:\/\/laminadosysergraf.es\/#\/schema\/logo\/image\/","url":"https:\/\/laminadosysergraf.es\/wp-content\/uploads\/2023\/04\/LOGO-LAMINADOS-2-1.jpg","contentUrl":"https:\/\/laminadosysergraf.es\/wp-content\/uploads\/2023\/04\/LOGO-LAMINADOS-2-1.jpg","width":2500,"height":955,"caption":"Laminados y Servicios Gr\u00e1ficos S.L."},"image":{"@id":"https:\/\/laminadosysergraf.es\/#\/schema\/logo\/image\/"}}]}},"uagb_featured_image_src":{"full":false,"thumbnail":false,"medium":false,"medium_large":false,"large":false,"1536x1536":false,"2048x2048":false},"uagb_author_info":{"display_name":"admin","author_link":"https:\/\/laminadosysergraf.es\/index.php\/author\/j267301\/"},"uagb_comment_info":0,"uagb_excerpt":"En LAMINADOS Y SERVICIOS GRAFICOS SL nos preocupamos por la privacidad y la transparencia. A continuaci\u00f3n, le indicamos en detalle los tratamientos de datos personales que realizamos, as\u00ed como toda la informaci\u00f3n relativa a los mismos. Tratamiento de los datos de potenciales clientes y contactos Informaci\u00f3n b\u00e1sica sobre Protecci\u00f3n de datos Responsable: LAMINADOS Y SERVICIOS&hellip;","_links":{"self":[{"href":"https:\/\/laminadosysergraf.es\/index.php\/wp-json\/wp\/v2\/pages\/977","targetHints":{"allow":["GET"]}}],"collection":[{"href":"https:\/\/laminadosysergraf.es\/index.php\/wp-json\/wp\/v2\/pages"}],"about":[{"href":"https:\/\/laminadosysergraf.es\/index.php\/wp-json\/wp\/v2\/types\/page"}],"author":[{"embeddable":true,"href":"https:\/\/laminadosysergraf.es\/index.php\/wp-json\/wp\/v2\/users\/1"}],"replies":[{"embeddable":true,"href":"https:\/\/laminadosysergraf.es\/index.php\/wp-json\/wp\/v2\/comments?post=977"}],"version-history":[{"count":7,"href":"https:\/\/laminadosysergraf.es\/index.php\/wp-json\/wp\/v2\/pages\/977\/revisions"}],"predecessor-version":[{"id":1184,"href":"https:\/\/laminadosysergraf.es\/index.php\/wp-json\/wp\/v2\/pages\/977\/revisions\/1184"}],"wp:attachment":[{"href":"https:\/\/laminadosysergraf.es\/index.php\/wp-json\/wp\/v2\/media?parent=977"}],"curies":[{"name":"wp","href":"https:\/\/api.w.org\/{rel}","templated":true}]}}