{"id":901,"date":"2021-11-01T11:46:08","date_gmt":"2021-11-01T11:46:08","guid":{"rendered":"https:\/\/laminadosysergraf.es\/index.php\/home\/"},"modified":"2024-03-22T12:39:42","modified_gmt":"2024-03-22T12:39:42","slug":"home","status":"publish","type":"page","link":"https:\/\/laminadosysergraf.es\/","title":{"rendered":"Home"},"content":{"rendered":"\n<div class=\"wp-block-uagb-container uagb-block-7c4262f3 alignfull uagb-is-root-container\"><div class=\"uagb-container-inner-blocks-wrap\">\n<div class=\"wp-block-uagb-container uagb-block-a9976087\">\n<div class=\"wp-block-uagb-container uagb-block-55c89cf1\">\n<div class=\"wp-block-uagb-info-box uagb-block-f94daf35 uagb-infobox__content-wrap  uagb-infobox-icon-above-title uagb-infobox-image-valign-top\"><div class=\"uagb-ifb-content\"><div class=\"uagb-ifb-title-wrap\"><h1 class=\"uagb-ifb-title\">Laminados y servicios gr\u00e1ficos<\/h1><\/div><p class=\"uagb-ifb-desc\">Taller auxiliar para las artes gr\u00e1ficas especializado en laminados y troquelados de papel y cart\u00f3n, as\u00ed como venta de productos para las artes gr\u00e1ficas.<br>Estamos situados en el Pol\u00edgono Campollano de Albacete.<br><\/p><div class=\"uagb-ifb-button-wrapper wp-block-button\"><a href=\"tel:+34967592119\" class=\"uagb-infobox-cta-link wp-block-button__link\" target=\"_self\" rel=\"noopener noreferrer\" onclick=\"return true;\" alt=\"\"><span class=\"uagb-inline-editing\">Ll\u00e1manos<\/span><svg xmlns=\"https:\/\/www.w3.org\/2000\/svg\" viewBox=\"0 0 512 512\"><path d=\"M18.92 351.2l108.5-46.52c12.78-5.531 27.77-1.801 36.45 8.98l44.09 53.82c69.25-34 125.5-90.31 159.5-159.5l-53.81-44.04c-10.75-8.781-14.41-23.69-8.974-36.47l46.51-108.5c6.094-13.91 21.1-21.52 35.79-18.11l100.8 23.25c14.25 3.25 24.22 15.8 24.22 30.46c0 252.3-205.2 457.5-457.5 457.5c-14.67 0-27.18-9.968-30.45-24.22l-23.25-100.8C-2.571 372.4 5.018 357.2 18.92 351.2z\"><\/path><\/svg><\/a><\/div><\/div><\/div>\n<\/div>\n\n\n\n<div class=\"wp-block-uagb-container uagb-block-13a3be02\">\n<div class=\"wp-block-uagb-image uagb-block-253bfe4e wp-block-uagb-image--layout-default wp-block-uagb-image--effect-static wp-block-uagb-image--align-none\"><figure class=\"wp-block-uagb-image__figure\"><img decoding=\"async\" srcset=\"https:\/\/laminadosysergraf.es\/wp-content\/uploads\/2023\/04\/IMG-20230324-WA0001-768x1024.jpg \" sizes=\"auto, (max-width: 480px) 150px\" src=\"https:\/\/laminadosysergraf.es\/wp-content\/uploads\/2023\/04\/IMG-20230324-WA0001-768x1024.jpg\" alt=\"\" class=\"uag-image-864\" width=\"768\" height=\"1024\" title=\"\" loading=\"lazy\"\/><\/figure><\/div>\n<\/div>\n<\/div>\n<\/div><\/div>\n\n\n\n<div class=\"wp-block-essential-blocks-advanced-heading\"><div class=\"eb-parent-wrapper eb-parent-eb-advance-heading-ltqbl2f \"><div class=\"eb-advance-heading-wrapper eb-advance-heading-ltqbl2f button-1\" data-id=\"eb-advance-heading-ltqbl2f\"><h2 class=\"eb-ah-title\">Servicios<\/h2><\/div><\/div><\/div>\n\n\n\n<div class=\"wp-block-essential-blocks-slider\"><div class=\"eb-parent-wrapper eb-parent-eb-slider-07otrl9 \"><div class=\"eb-slider-wrapper eb-slider-07otrl9\" data-settings=\"{&quot;arrows&quot;:true,&quot;adaptiveHeight&quot;:false,&quot;autoplay&quot;:true,&quot;autoplaySpeed&quot;:3000,&quot;dots&quot;:true,&quot;fade&quot;:false,&quot;infinite&quot;:true,&quot;pauseOnHover&quot;:true,&quot;slidesToShow&quot;:1,&quot;speed&quot;:500,&quot;initialSlide&quot;:1,&quot;vertical&quot;:false,&quot;responsive&quot;:[{&quot;breakpoint&quot;:1025,&quot;settings&quot;:{&quot;slidesToShow&quot;:1}},{&quot;breakpoint&quot;:767,&quot;settings&quot;:{&quot;slidesToShow&quot;:1}}]}\" data-images=\"[{&quot;url&quot;:&quot;https:\/\/laminadosysergraf.es\/wp-content\/uploads\/2024\/03\/385e9cea-1fa0-410e-b767-744858d727f6.jpg&quot;,&quot;alt&quot;:&quot;&quot;,&quot;id&quot;:0,&quot;imageId&quot;:1216,&quot;caption&quot;:&quot;&quot;,&quot;title&quot;:&quot;Troquelado&quot;,&quot;subtitle&quot;:&quot;Servicio de troquelado&quot;,&quot;showButton&quot;:true,&quot;buttonText&quot;:&quot;Ver  m\u00e1s&quot;,&quot;buttonUrl&quot;:&quot;https:\/\/laminadosysergraf.es\/index.php\/troquelado\/&quot;,&quot;openNewTab&quot;:false,&quot;isValidUrl&quot;:true},{&quot;url&quot;:&quot;https:\/\/laminadosysergraf.es\/wp-content\/uploads\/2023\/04\/massai-1.png&quot;,&quot;alt&quot;:&quot;&quot;,&quot;id&quot;:1,&quot;imageId&quot;:865,&quot;caption&quot;:&quot;&quot;,&quot;title&quot;:&quot;Plastificado&quot;,&quot;subtitle&quot;:&quot;Servicio de plastificado&quot;,&quot;showButton&quot;:true,&quot;buttonText&quot;:&quot;Ver m\u00e1s&quot;,&quot;buttonUrl&quot;:&quot;https:\/\/laminadosysergraf.es\/index.php\/plastificado\/&quot;,&quot;openNewTab&quot;:false,&quot;isValidUrl&quot;:true},{&quot;url&quot;:&quot;https:\/\/laminadosysergraf.es\/wp-content\/uploads\/2024\/03\/suministros.jpg&quot;,&quot;alt&quot;:&quot;&quot;,&quot;id&quot;:2,&quot;imageId&quot;:1200,&quot;caption&quot;:&quot;Venta de suministros&quot;,&quot;title&quot;:&quot;Venta de suministros&quot;,&quot;subtitle&quot;:&quot;Venta de suministros&quot;,&quot;showButton&quot;:true,&quot;buttonText&quot;:&quot;Ver m\u00e1s&quot;,&quot;buttonUrl&quot;:&quot;https:\/\/laminadosysergraf.es\/index.php\/venta-de-suministros\/&quot;,&quot;openNewTab&quot;:false,&quot;isValidUrl&quot;:true}]\" data-slidercontenttype=\"content-1\" data-slidertype=\"content\" data-textalign=\"center\"><div class=\"content\"><div class=\"eb-slider-item content-1\"><img decoding=\"async\" class=\"eb-slider-image\" src=\"https:\/\/laminadosysergraf.es\/wp-content\/uploads\/2024\/03\/385e9cea-1fa0-410e-b767-744858d727f6.jpg\"\/><div class=\"eb-slider-content align-center\"><h2 class=\"eb-slider-title\">Troquelado<\/h2><p class=\"eb-slider-subtitle\">Servicio de troquelado<\/p><a href=\"https:\/\/laminadosysergraf.es\/index.php\/troquelado\/\" class=\"eb-slider-button\" target=\"_self\" rel=\"noopener\">Ver  m\u00e1s<\/a><\/div><\/div><div class=\"eb-slider-item content-1\"><img decoding=\"async\" class=\"eb-slider-image\" src=\"https:\/\/laminadosysergraf.es\/wp-content\/uploads\/2023\/04\/massai-1.png\"\/><div class=\"eb-slider-content align-center\"><h2 class=\"eb-slider-title\">Plastificado<\/h2><p class=\"eb-slider-subtitle\">Servicio de plastificado<\/p><a href=\"https:\/\/laminadosysergraf.es\/index.php\/plastificado\/\" class=\"eb-slider-button\" target=\"_self\" rel=\"noopener\">Ver m\u00e1s<\/a><\/div><\/div><div class=\"eb-slider-item content-1\"><img decoding=\"async\" class=\"eb-slider-image\" src=\"https:\/\/laminadosysergraf.es\/wp-content\/uploads\/2024\/03\/suministros.jpg\"\/><div class=\"eb-slider-content align-center\"><h2 class=\"eb-slider-title\">Venta de suministros<\/h2><p class=\"eb-slider-subtitle\">Venta de suministros<\/p><a href=\"https:\/\/laminadosysergraf.es\/index.php\/venta-de-suministros\/\" class=\"eb-slider-button\" target=\"_self\" rel=\"noopener\">Ver m\u00e1s<\/a><\/div><\/div><\/div><\/div><\/div><\/div>\n\n\n\n<div class=\"wp-block-essential-blocks-slider\"><div class=\"eb-parent-wrapper eb-parent-eb-slider-0v3l17s \"><div class=\"eb-slider-wrapper eb-slider-0v3l17s\" data-settings=\"{&quot;arrows&quot;:true,&quot;adaptiveHeight&quot;:false,&quot;autoplay&quot;:true,&quot;autoplaySpeed&quot;:3000,&quot;dots&quot;:true,&quot;fade&quot;:false,&quot;infinite&quot;:true,&quot;pauseOnHover&quot;:true,&quot;slidesToShow&quot;:1,&quot;speed&quot;:500,&quot;initialSlide&quot;:0,&quot;vertical&quot;:false,&quot;responsive&quot;:[{&quot;breakpoint&quot;:1025,&quot;settings&quot;:{&quot;slidesToShow&quot;:1}},{&quot;breakpoint&quot;:767,&quot;settings&quot;:{&quot;slidesToShow&quot;:1}}]}\" data-images=\"[]\" data-slidercontenttype=\"content-1\" data-slidertype=\"image\" data-textalign=\"left\"><div class=\"image\"><\/div><\/div><\/div><\/div>\n\n\n\n<div class=\"wp-block-essential-blocks-advanced-heading\"><div class=\"eb-parent-wrapper eb-parent-eb-advance-heading-wtv47w5 \"><div class=\"eb-advance-heading-wrapper eb-advance-heading-wtv47w5 button-1\" data-id=\"eb-advance-heading-wtv47w5\"><h2 class=\"eb-ah-title\">Nosotros<\/h2><\/div><\/div><\/div>\n\n\n\n<div class=\"wp-block-columns alignwide are-vertically-aligned-top is-layout-flex wp-container-core-columns-is-layout-08c01c1c wp-block-columns-is-layout-flex\">\n<div class=\"wp-block-column is-vertically-aligned-top is-layout-flow wp-block-column-is-layout-flow\">\n<div class=\"wp-block-group wp-container-content-231d8afb is-vertical is-layout-flex wp-container-core-group-is-layout-05b43539 wp-block-group-is-layout-flex\" style=\"margin-top:0;margin-bottom:0\">\n<div class=\"wp-block-group is-vertical is-nowrap is-layout-flex wp-container-core-group-is-layout-f21854f6 wp-block-group-is-layout-flex\">\n<p class=\"has-text-align-center has-medium-font-size\"><strong>Laminados y servicios gr\u00e1ficos S.L.<\/strong><\/p>\n\n\n\n<p class=\"has-small-font-size\">Somos una empresa de plastificado y troquelado con m\u00e1s de 15 a\u00f1os de experiencia.<br>Tambi\u00e9n vendemos suministros para las artes gr\u00e1ficas.<\/p>\n<\/div>\n<\/div>\n<\/div>\n\n\n\n<div class=\"wp-block-column is-vertically-aligned-top is-layout-flow wp-block-column-is-layout-flow\">\n<div class=\"wp-block-group wp-container-content-231d8afb is-vertical is-content-justification-left is-nowrap is-layout-flex wp-container-core-group-is-layout-d439c89b wp-block-group-is-layout-flex\" style=\"margin-top:0;margin-bottom:0\">\n<figure class=\"wp-block-image\"><img loading=\"lazy\" decoding=\"async\" width=\"920\" height=\"1024\" src=\"https:\/\/laminadosysergraf.es\/wp-content\/uploads\/2023\/04\/1-920x1024.jpg\" alt=\"\" class=\"wp-image-961\" srcset=\"https:\/\/laminadosysergraf.es\/wp-content\/uploads\/2023\/04\/1-920x1024.jpg 920w, https:\/\/laminadosysergraf.es\/wp-content\/uploads\/2023\/04\/1-270x300.jpg 270w, https:\/\/laminadosysergraf.es\/wp-content\/uploads\/2023\/04\/1-768x855.jpg 768w, https:\/\/laminadosysergraf.es\/wp-content\/uploads\/2023\/04\/1.jpg 1374w\" sizes=\"auto, (max-width: 920px) 100vw, 920px\" \/><\/figure>\n<\/div>\n<\/div>\n<\/div>\n\n\n\n<div class=\"wp-block-essential-blocks-advanced-heading\"><div class=\"eb-parent-wrapper eb-parent-eb-advance-heading-n7j1kog \"><div class=\"eb-advance-heading-wrapper eb-advance-heading-n7j1kog button-1\" data-id=\"eb-advance-heading-n7j1kog\"><h2 class=\"eb-ah-title\">D\u00f3nde estamos<\/h2><\/div><\/div><\/div>\n\n\n\n<p class=\"has-text-align-center\"> <strong> Pol\u00edgono Campollano, Calle F 29, nave 7 02007 Albacete<\/strong><\/p>\n\n\n\n<div class=\"wp-block-uagb-container uagb-block-d2e0683b alignfull uagb-is-root-container\">\t\t\t<div \n\t\t\tclass=\"wp-block-uagb-google-map uagb-google-map__wrap uagb-block-b73b9745    \"\n\t\t\tstyle=\"\" >\n\t\t\t\t<iframe\n\t\t\t\t\tclass=\"uagb-google-map__iframe\"\n\t\t\t\t\ttitle=\"Google Map for \"\n\t\t\t\t\tsrc=\"https:\/\/maps.google.com\/maps?q=Laminados%20y%20Servicios%20Gr%C3%A1ficos%20S.L.&#038;z=10&#038;hl=es&#038;t=m&#038;output=embed&#038;iwloc=near\"\n\t\t\t\t\twidth=\"640\"\n\t\t\t\t\theight=\"500\"\n\t\t\t\t\tloading=\"lazy\"\n\t\t\t\t><\/iframe>\n\t\t\t<\/div>\n\t\t\t<\/div>\n","protected":false},"excerpt":{"rendered":"<p>Laminados y servicios gr\u00e1ficos S.L. Somos una empresa de plastificado y troquelado con m\u00e1s de 15 a\u00f1os de experiencia.Tambi\u00e9n vendemos suministros para las artes gr\u00e1ficas. Pol\u00edgono Campollano, Calle F 29, nave 7 02007 Albacete<\/p>\n","protected":false},"author":1,"featured_media":0,"parent":0,"menu_order":0,"comment_status":"closed","ping_status":"closed","template":"","meta":{"_eb_attr":"","_uag_custom_page_level_css":"","site-sidebar-layout":"no-sidebar","site-content-layout":"plain-container","ast-global-header-display":"","ast-main-header-display":"","ast-hfb-above-header-display":"","ast-hfb-below-header-display":"","ast-hfb-mobile-header-display":"","site-post-title":"disabled","ast-breadcrumbs-content":"disabled","ast-featured-img":"disabled","footer-sml-layout":"","theme-transparent-header-meta":"disabled","adv-header-id-meta":"","stick-header-meta":"","header-above-stick-meta":"","header-main-stick-meta":"","header-below-stick-meta":"","_themeisle_gutenberg_block_has_review":false,"footnotes":""},"class_list":["post-901","page","type-page","status-publish","hentry"],"yoast_head":"<!-- This site is optimized with the Yoast SEO plugin v20.13 - https:\/\/yoast.com\/wordpress\/plugins\/seo\/ -->\n<title>Laminados y Servicios Gr\u00e1ficos S.L.<\/title>\n<meta name=\"robots\" content=\"index, follow, max-snippet:-1, max-image-preview:large, max-video-preview:-1\" \/>\n<link rel=\"canonical\" href=\"https:\/\/laminadosysergraf.es\/\" \/>\n<meta property=\"og:locale\" content=\"es_ES\" \/>\n<meta property=\"og:type\" content=\"article\" \/>\n<meta property=\"og:title\" content=\"Laminados y Servicios Gr\u00e1ficos S.L.\" \/>\n<meta property=\"og:description\" content=\"Laminados y servicios gr\u00e1ficos S.L. Somos una empresa de plastificado y troquelado con m\u00e1s de 15 a\u00f1os de experiencia.Tambi\u00e9n vendemos suministros para las artes gr\u00e1ficas. Pol\u00edgono Campollano, Calle F 29, nave 7 02007 Albacete\" \/>\n<meta property=\"og:url\" content=\"https:\/\/laminadosysergraf.es\/\" \/>\n<meta property=\"og:site_name\" content=\"Laminados y Servicios Gr\u00e1ficos S.L.\" \/>\n<meta property=\"article:modified_time\" content=\"2024-03-22T12:39:42+00:00\" \/>\n<meta property=\"og:image\" content=\"https:\/\/laminadosysergraf.es\/wp-content\/uploads\/2023\/04\/IMG-20230324-WA0001-768x1024.jpg\" \/>\n<meta name=\"twitter:card\" content=\"summary_large_image\" \/>\n<meta name=\"twitter:label1\" content=\"Tiempo de lectura\" \/>\n\t<meta name=\"twitter:data1\" content=\"2 minutos\" \/>\n<script type=\"application\/ld+json\" class=\"yoast-schema-graph\">{\"@context\":\"https:\/\/schema.org\",\"@graph\":[{\"@type\":\"WebPage\",\"@id\":\"https:\/\/laminadosysergraf.es\/\",\"url\":\"https:\/\/laminadosysergraf.es\/\",\"name\":\"Laminados y Servicios Gr\u00e1ficos S.L.\",\"isPartOf\":{\"@id\":\"https:\/\/laminadosysergraf.es\/#website\"},\"datePublished\":\"2021-11-01T11:46:08+00:00\",\"dateModified\":\"2024-03-22T12:39:42+00:00\",\"breadcrumb\":{\"@id\":\"https:\/\/laminadosysergraf.es\/#breadcrumb\"},\"inLanguage\":\"es\",\"potentialAction\":[{\"@type\":\"ReadAction\",\"target\":[\"https:\/\/laminadosysergraf.es\/\"]}]},{\"@type\":\"BreadcrumbList\",\"@id\":\"https:\/\/laminadosysergraf.es\/#breadcrumb\",\"itemListElement\":[{\"@type\":\"ListItem\",\"position\":1,\"name\":\"Portada\",\"item\":\"https:\/\/laminadosysergraf.es\/\"},{\"@type\":\"ListItem\",\"position\":2,\"name\":\"Home\"}]},{\"@type\":\"WebSite\",\"@id\":\"https:\/\/laminadosysergraf.es\/#website\",\"url\":\"https:\/\/laminadosysergraf.es\/\",\"name\":\"Laminados y Servicios Gr\u00e1ficos S.L.\",\"description\":\"\",\"publisher\":{\"@id\":\"https:\/\/laminadosysergraf.es\/#organization\"},\"potentialAction\":[{\"@type\":\"SearchAction\",\"target\":{\"@type\":\"EntryPoint\",\"urlTemplate\":\"https:\/\/laminadosysergraf.es\/?s={search_term_string}\"},\"query-input\":\"required name=search_term_string\"}],\"inLanguage\":\"es\"},{\"@type\":\"Organization\",\"@id\":\"https:\/\/laminadosysergraf.es\/#organization\",\"name\":\"Laminados y Servicios Gr\u00e1ficos S.L.\",\"url\":\"https:\/\/laminadosysergraf.es\/\",\"logo\":{\"@type\":\"ImageObject\",\"inLanguage\":\"es\",\"@id\":\"https:\/\/laminadosysergraf.es\/#\/schema\/logo\/image\/\",\"url\":\"https:\/\/laminadosysergraf.es\/wp-content\/uploads\/2023\/04\/LOGO-LAMINADOS-2-1.jpg\",\"contentUrl\":\"https:\/\/laminadosysergraf.es\/wp-content\/uploads\/2023\/04\/LOGO-LAMINADOS-2-1.jpg\",\"width\":2500,\"height\":955,\"caption\":\"Laminados y Servicios Gr\u00e1ficos S.L.\"},\"image\":{\"@id\":\"https:\/\/laminadosysergraf.es\/#\/schema\/logo\/image\/\"}}]}<\/script>\n<!-- \/ Yoast SEO plugin. -->","yoast_head_json":{"title":"Laminados y Servicios Gr\u00e1ficos S.L.","robots":{"index":"index","follow":"follow","max-snippet":"max-snippet:-1","max-image-preview":"max-image-preview:large","max-video-preview":"max-video-preview:-1"},"canonical":"https:\/\/laminadosysergraf.es\/","og_locale":"es_ES","og_type":"article","og_title":"Laminados y Servicios Gr\u00e1ficos S.L.","og_description":"Laminados y servicios gr\u00e1ficos S.L. Somos una empresa de plastificado y troquelado con m\u00e1s de 15 a\u00f1os de experiencia.Tambi\u00e9n vendemos suministros para las artes gr\u00e1ficas. Pol\u00edgono Campollano, Calle F 29, nave 7 02007 Albacete","og_url":"https:\/\/laminadosysergraf.es\/","og_site_name":"Laminados y Servicios Gr\u00e1ficos S.L.","article_modified_time":"2024-03-22T12:39:42+00:00","og_image":[{"url":"https:\/\/laminadosysergraf.es\/wp-content\/uploads\/2023\/04\/IMG-20230324-WA0001-768x1024.jpg"}],"twitter_card":"summary_large_image","twitter_misc":{"Tiempo de lectura":"2 minutos"},"schema":{"@context":"https:\/\/schema.org","@graph":[{"@type":"WebPage","@id":"https:\/\/laminadosysergraf.es\/","url":"https:\/\/laminadosysergraf.es\/","name":"Laminados y Servicios Gr\u00e1ficos S.L.","isPartOf":{"@id":"https:\/\/laminadosysergraf.es\/#website"},"datePublished":"2021-11-01T11:46:08+00:00","dateModified":"2024-03-22T12:39:42+00:00","breadcrumb":{"@id":"https:\/\/laminadosysergraf.es\/#breadcrumb"},"inLanguage":"es","potentialAction":[{"@type":"ReadAction","target":["https:\/\/laminadosysergraf.es\/"]}]},{"@type":"BreadcrumbList","@id":"https:\/\/laminadosysergraf.es\/#breadcrumb","itemListElement":[{"@type":"ListItem","position":1,"name":"Portada","item":"https:\/\/laminadosysergraf.es\/"},{"@type":"ListItem","position":2,"name":"Home"}]},{"@type":"WebSite","@id":"https:\/\/laminadosysergraf.es\/#website","url":"https:\/\/laminadosysergraf.es\/","name":"Laminados y Servicios Gr\u00e1ficos S.L.","description":"","publisher":{"@id":"https:\/\/laminadosysergraf.es\/#organization"},"potentialAction":[{"@type":"SearchAction","target":{"@type":"EntryPoint","urlTemplate":"https:\/\/laminadosysergraf.es\/?s={search_term_string}"},"query-input":"required name=search_term_string"}],"inLanguage":"es"},{"@type":"Organization","@id":"https:\/\/laminadosysergraf.es\/#organization","name":"Laminados y Servicios Gr\u00e1ficos S.L.","url":"https:\/\/laminadosysergraf.es\/","logo":{"@type":"ImageObject","inLanguage":"es","@id":"https:\/\/laminadosysergraf.es\/#\/schema\/logo\/image\/","url":"https:\/\/laminadosysergraf.es\/wp-content\/uploads\/2023\/04\/LOGO-LAMINADOS-2-1.jpg","contentUrl":"https:\/\/laminadosysergraf.es\/wp-content\/uploads\/2023\/04\/LOGO-LAMINADOS-2-1.jpg","width":2500,"height":955,"caption":"Laminados y Servicios Gr\u00e1ficos S.L."},"image":{"@id":"https:\/\/laminadosysergraf.es\/#\/schema\/logo\/image\/"}}]}},"uagb_featured_image_src":{"full":false,"thumbnail":false,"medium":false,"medium_large":false,"large":false,"1536x1536":false,"2048x2048":false},"uagb_author_info":{"display_name":"admin","author_link":"https:\/\/laminadosysergraf.es\/index.php\/author\/j267301\/"},"uagb_comment_info":0,"uagb_excerpt":"Laminados y servicios gr\u00e1ficos S.L. Somos una empresa de plastificado y troquelado con m\u00e1s de 15 a\u00f1os de experiencia.Tambi\u00e9n vendemos suministros para las artes gr\u00e1ficas. Pol\u00edgono Campollano, Calle F 29, nave 7 02007 Albacete","_links":{"self":[{"href":"https:\/\/laminadosysergraf.es\/index.php\/wp-json\/wp\/v2\/pages\/901","targetHints":{"allow":["GET"]}}],"collection":[{"href":"https:\/\/laminadosysergraf.es\/index.php\/wp-json\/wp\/v2\/pages"}],"about":[{"href":"https:\/\/laminadosysergraf.es\/index.php\/wp-json\/wp\/v2\/types\/page"}],"author":[{"embeddable":true,"href":"https:\/\/laminadosysergraf.es\/index.php\/wp-json\/wp\/v2\/users\/1"}],"replies":[{"embeddable":true,"href":"https:\/\/laminadosysergraf.es\/index.php\/wp-json\/wp\/v2\/comments?post=901"}],"version-history":[{"count":85,"href":"https:\/\/laminadosysergraf.es\/index.php\/wp-json\/wp\/v2\/pages\/901\/revisions"}],"predecessor-version":[{"id":1223,"href":"https:\/\/laminadosysergraf.es\/index.php\/wp-json\/wp\/v2\/pages\/901\/revisions\/1223"}],"wp:attachment":[{"href":"https:\/\/laminadosysergraf.es\/index.php\/wp-json\/wp\/v2\/media?parent=901"}],"curies":[{"name":"wp","href":"https:\/\/api.w.org\/{rel}","templated":true}]}}