{"id":1015,"date":"2023-12-21T15:50:39","date_gmt":"2023-12-21T15:50:39","guid":{"rendered":"https:\/\/laminadosysergraf.es\/?page_id=1015"},"modified":"2023-12-22T19:34:47","modified_gmt":"2023-12-22T19:34:47","slug":"nosotros","status":"publish","type":"page","link":"https:\/\/laminadosysergraf.es\/index.php\/nosotros\/","title":{"rendered":"Nosotros"},"content":{"rendered":"\n<div class=\"wp-block-uagb-container uagb-block-a8e7013b alignfull uagb-is-root-container\"><div class=\"uagb-container-inner-blocks-wrap\">\n<div class=\"wp-block-uagb-container uagb-block-cb3119bb\">\n<div class=\"wp-block-uagb-container uagb-block-5c76b02b\">\n<div class=\"wp-block-uagb-info-box uagb-block-f94daf35 uagb-infobox__content-wrap  uagb-infobox-icon-above-title uagb-infobox-image-valign-top\"><div class=\"uagb-ifb-content\"><div class=\"uagb-ifb-title-wrap\"><h1 class=\"uagb-ifb-title\">Nosotros<\/h1><\/div><p class=\"uagb-ifb-desc\">Somos una empresa con m\u00e1s de 15 a\u00f1os de experiencia dedicada a dar servicio de plastificado y troquelado.<br>Tambi\u00e9n nos dedicamos a la venta de suministros para las artes gr\u00e1ficas.<\/p><div class=\"uagb-ifb-button-wrapper wp-block-button\"><a href=\"tel:+34967592119\" class=\"uagb-infobox-cta-link wp-block-button__link\" target=\"_self\" rel=\"noopener noreferrer\" onclick=\"return true;\" alt=\"\"><span class=\"uagb-inline-editing\">Ll\u00e1manos<\/span><svg xmlns=\"https:\/\/www.w3.org\/2000\/svg\" viewBox=\"0 0 512 512\"><path d=\"M18.92 351.2l108.5-46.52c12.78-5.531 27.77-1.801 36.45 8.98l44.09 53.82c69.25-34 125.5-90.31 159.5-159.5l-53.81-44.04c-10.75-8.781-14.41-23.69-8.974-36.47l46.51-108.5c6.094-13.91 21.1-21.52 35.79-18.11l100.8 23.25c14.25 3.25 24.22 15.8 24.22 30.46c0 252.3-205.2 457.5-457.5 457.5c-14.67 0-27.18-9.968-30.45-24.22l-23.25-100.8C-2.571 372.4 5.018 357.2 18.92 351.2z\"><\/path><\/svg><\/a><\/div><\/div><\/div>\n<\/div>\n\n\n\n<div class=\"wp-block-uagb-container uagb-block-e0a05fe1\">\n<div class=\"wp-block-uagb-image uagb-block-08a1ebae wp-block-uagb-image--layout-default wp-block-uagb-image--effect-static wp-block-uagb-image--align-none\"><figure class=\"wp-block-uagb-image__figure\"><img decoding=\"async\" srcset=\"https:\/\/laminadosysergraf.es\/wp-content\/uploads\/2023\/04\/massai-2-1024x385.png \" sizes=\"auto, (max-width: 480px) 150px\" src=\"https:\/\/laminadosysergraf.es\/wp-content\/uploads\/2023\/04\/massai-2-1024x385.png\" alt=\"\" class=\"uag-image-866\" width=\"1024\" height=\"385\" title=\"\" loading=\"lazy\"\/><\/figure><\/div>\n<\/div>\n<\/div>\n<\/div><\/div>\n\n\n\n<div class=\"wp-block-uagb-container uagb-block-0ee1c3b2 alignfull uagb-is-root-container\"><div class=\"uagb-container-inner-blocks-wrap\"><\/div><\/div>\n\n\n\n<div class=\"wp-block-uagb-container uagb-block-4868d4af alignfull uagb-is-root-container\"><div class=\"uagb-container-inner-blocks-wrap\">\n<div class=\"wp-block-uagb-container uagb-block-5906c0db\">\n<div class=\"wp-block-uagb-container uagb-block-a829f393\">\n<div class=\"wp-block-uagb-image uagb-block-2e94996b wp-block-uagb-image--layout-default wp-block-uagb-image--effect-static wp-block-uagb-image--align-none\"><figure class=\"wp-block-uagb-image__figure\"><\/figure><\/div>\n<\/div>\n\n\n\n<div class=\"wp-block-uagb-container uagb-block-e4e1e799\"><\/div>\n<\/div>\n<\/div><\/div>\n\n\n\n<div class=\"wp-block-essential-blocks-advanced-heading\"><div class=\"eb-parent-wrapper eb-parent-eb-advance-heading-n7j1kog \"><div class=\"eb-advance-heading-wrapper eb-advance-heading-n7j1kog button-1\" data-id=\"eb-advance-heading-n7j1kog\"><h2 class=\"eb-ah-title\">D\u00f3nde estamos<\/h2><\/div><\/div><\/div>\n\n\n\n<div class=\"wp-block-uagb-container uagb-block-6640c469 alignfull uagb-is-root-container\">\t\t\t<div \n\t\t\tclass=\"wp-block-uagb-google-map uagb-google-map__wrap uagb-block-23aaad18    \"\n\t\t\tstyle=\"\" >\n\t\t\t\t<iframe\n\t\t\t\t\tclass=\"uagb-google-map__iframe\"\n\t\t\t\t\ttitle=\"Google Map for \"\n\t\t\t\t\tsrc=\"https:\/\/maps.google.com\/maps?q=Direcci%C3%B3n%3A%20C.%20F%2C%2029%2C%20nave%207%2C%2002007%20Albacete&#038;z=10&#038;hl=es&#038;t=m&#038;output=embed&#038;iwloc=near\"\n\t\t\t\t\twidth=\"640\"\n\t\t\t\t\theight=\"500\"\n\t\t\t\t\tloading=\"lazy\"\n\t\t\t\t><\/iframe>\n\t\t\t<\/div>\n\t\t\t<\/div>\n","protected":false},"excerpt":{"rendered":"","protected":false},"author":3,"featured_media":0,"parent":0,"menu_order":0,"comment_status":"closed","ping_status":"closed","template":"","meta":{"_eb_attr":"","_uag_custom_page_level_css":"","site-sidebar-layout":"no-sidebar","site-content-layout":"plain-container","ast-global-header-display":"","ast-main-header-display":"","ast-hfb-above-header-display":"","ast-hfb-below-header-display":"","ast-hfb-mobile-header-display":"","site-post-title":"disabled","ast-breadcrumbs-content":"disabled","ast-featured-img":"disabled","footer-sml-layout":"","theme-transparent-header-meta":"disabled","adv-header-id-meta":"","stick-header-meta":"","header-above-stick-meta":"","header-main-stick-meta":"","header-below-stick-meta":"","_themeisle_gutenberg_block_has_review":false,"footnotes":""},"class_list":["post-1015","page","type-page","status-publish","hentry"],"yoast_head":"<!-- This site is optimized with the Yoast SEO plugin v20.13 - https:\/\/yoast.com\/wordpress\/plugins\/seo\/ -->\n<title>Nosotros - Laminados y Servicios Gr\u00e1ficos S.L.<\/title>\n<meta name=\"robots\" content=\"index, follow, max-snippet:-1, max-image-preview:large, max-video-preview:-1\" \/>\n<link rel=\"canonical\" href=\"https:\/\/laminadosysergraf.es\/index.php\/nosotros\/\" \/>\n<meta property=\"og:locale\" content=\"es_ES\" \/>\n<meta property=\"og:type\" content=\"article\" \/>\n<meta property=\"og:title\" content=\"Nosotros - Laminados y Servicios Gr\u00e1ficos S.L.\" \/>\n<meta property=\"og:url\" content=\"https:\/\/laminadosysergraf.es\/index.php\/nosotros\/\" \/>\n<meta property=\"og:site_name\" content=\"Laminados y Servicios Gr\u00e1ficos S.L.\" \/>\n<meta property=\"article:modified_time\" content=\"2023-12-22T19:34:47+00:00\" \/>\n<meta property=\"og:image\" content=\"https:\/\/laminadosysergraf.es\/wp-content\/uploads\/2023\/04\/massai-2-1024x385.png\" \/>\n<meta name=\"twitter:card\" content=\"summary_large_image\" \/>\n<meta name=\"twitter:label1\" content=\"Tiempo de lectura\" \/>\n\t<meta name=\"twitter:data1\" content=\"1 minuto\" \/>\n<script type=\"application\/ld+json\" class=\"yoast-schema-graph\">{\"@context\":\"https:\/\/schema.org\",\"@graph\":[{\"@type\":\"WebPage\",\"@id\":\"https:\/\/laminadosysergraf.es\/index.php\/nosotros\/\",\"url\":\"https:\/\/laminadosysergraf.es\/index.php\/nosotros\/\",\"name\":\"Nosotros - Laminados y Servicios Gr\u00e1ficos S.L.\",\"isPartOf\":{\"@id\":\"https:\/\/laminadosysergraf.es\/#website\"},\"datePublished\":\"2023-12-21T15:50:39+00:00\",\"dateModified\":\"2023-12-22T19:34:47+00:00\",\"breadcrumb\":{\"@id\":\"https:\/\/laminadosysergraf.es\/index.php\/nosotros\/#breadcrumb\"},\"inLanguage\":\"es\",\"potentialAction\":[{\"@type\":\"ReadAction\",\"target\":[\"https:\/\/laminadosysergraf.es\/index.php\/nosotros\/\"]}]},{\"@type\":\"BreadcrumbList\",\"@id\":\"https:\/\/laminadosysergraf.es\/index.php\/nosotros\/#breadcrumb\",\"itemListElement\":[{\"@type\":\"ListItem\",\"position\":1,\"name\":\"Portada\",\"item\":\"https:\/\/laminadosysergraf.es\/\"},{\"@type\":\"ListItem\",\"position\":2,\"name\":\"Nosotros\"}]},{\"@type\":\"WebSite\",\"@id\":\"https:\/\/laminadosysergraf.es\/#website\",\"url\":\"https:\/\/laminadosysergraf.es\/\",\"name\":\"Laminados y Servicios Gr\u00e1ficos S.L.\",\"description\":\"\",\"publisher\":{\"@id\":\"https:\/\/laminadosysergraf.es\/#organization\"},\"potentialAction\":[{\"@type\":\"SearchAction\",\"target\":{\"@type\":\"EntryPoint\",\"urlTemplate\":\"https:\/\/laminadosysergraf.es\/?s={search_term_string}\"},\"query-input\":\"required name=search_term_string\"}],\"inLanguage\":\"es\"},{\"@type\":\"Organization\",\"@id\":\"https:\/\/laminadosysergraf.es\/#organization\",\"name\":\"Laminados y Servicios Gr\u00e1ficos S.L.\",\"url\":\"https:\/\/laminadosysergraf.es\/\",\"logo\":{\"@type\":\"ImageObject\",\"inLanguage\":\"es\",\"@id\":\"https:\/\/laminadosysergraf.es\/#\/schema\/logo\/image\/\",\"url\":\"https:\/\/laminadosysergraf.es\/wp-content\/uploads\/2023\/04\/LOGO-LAMINADOS-2-1.jpg\",\"contentUrl\":\"https:\/\/laminadosysergraf.es\/wp-content\/uploads\/2023\/04\/LOGO-LAMINADOS-2-1.jpg\",\"width\":2500,\"height\":955,\"caption\":\"Laminados y Servicios Gr\u00e1ficos S.L.\"},\"image\":{\"@id\":\"https:\/\/laminadosysergraf.es\/#\/schema\/logo\/image\/\"}}]}<\/script>\n<!-- \/ Yoast SEO plugin. -->","yoast_head_json":{"title":"Nosotros - Laminados y Servicios Gr\u00e1ficos S.L.","robots":{"index":"index","follow":"follow","max-snippet":"max-snippet:-1","max-image-preview":"max-image-preview:large","max-video-preview":"max-video-preview:-1"},"canonical":"https:\/\/laminadosysergraf.es\/index.php\/nosotros\/","og_locale":"es_ES","og_type":"article","og_title":"Nosotros - Laminados y Servicios Gr\u00e1ficos S.L.","og_url":"https:\/\/laminadosysergraf.es\/index.php\/nosotros\/","og_site_name":"Laminados y Servicios Gr\u00e1ficos S.L.","article_modified_time":"2023-12-22T19:34:47+00:00","og_image":[{"url":"https:\/\/laminadosysergraf.es\/wp-content\/uploads\/2023\/04\/massai-2-1024x385.png"}],"twitter_card":"summary_large_image","twitter_misc":{"Tiempo de lectura":"1 minuto"},"schema":{"@context":"https:\/\/schema.org","@graph":[{"@type":"WebPage","@id":"https:\/\/laminadosysergraf.es\/index.php\/nosotros\/","url":"https:\/\/laminadosysergraf.es\/index.php\/nosotros\/","name":"Nosotros - Laminados y Servicios Gr\u00e1ficos S.L.","isPartOf":{"@id":"https:\/\/laminadosysergraf.es\/#website"},"datePublished":"2023-12-21T15:50:39+00:00","dateModified":"2023-12-22T19:34:47+00:00","breadcrumb":{"@id":"https:\/\/laminadosysergraf.es\/index.php\/nosotros\/#breadcrumb"},"inLanguage":"es","potentialAction":[{"@type":"ReadAction","target":["https:\/\/laminadosysergraf.es\/index.php\/nosotros\/"]}]},{"@type":"BreadcrumbList","@id":"https:\/\/laminadosysergraf.es\/index.php\/nosotros\/#breadcrumb","itemListElement":[{"@type":"ListItem","position":1,"name":"Portada","item":"https:\/\/laminadosysergraf.es\/"},{"@type":"ListItem","position":2,"name":"Nosotros"}]},{"@type":"WebSite","@id":"https:\/\/laminadosysergraf.es\/#website","url":"https:\/\/laminadosysergraf.es\/","name":"Laminados y Servicios Gr\u00e1ficos S.L.","description":"","publisher":{"@id":"https:\/\/laminadosysergraf.es\/#organization"},"potentialAction":[{"@type":"SearchAction","target":{"@type":"EntryPoint","urlTemplate":"https:\/\/laminadosysergraf.es\/?s={search_term_string}"},"query-input":"required name=search_term_string"}],"inLanguage":"es"},{"@type":"Organization","@id":"https:\/\/laminadosysergraf.es\/#organization","name":"Laminados y Servicios Gr\u00e1ficos S.L.","url":"https:\/\/laminadosysergraf.es\/","logo":{"@type":"ImageObject","inLanguage":"es","@id":"https:\/\/laminadosysergraf.es\/#\/schema\/logo\/image\/","url":"https:\/\/laminadosysergraf.es\/wp-content\/uploads\/2023\/04\/LOGO-LAMINADOS-2-1.jpg","contentUrl":"https:\/\/laminadosysergraf.es\/wp-content\/uploads\/2023\/04\/LOGO-LAMINADOS-2-1.jpg","width":2500,"height":955,"caption":"Laminados y Servicios Gr\u00e1ficos S.L."},"image":{"@id":"https:\/\/laminadosysergraf.es\/#\/schema\/logo\/image\/"}}]}},"uagb_featured_image_src":{"full":false,"thumbnail":false,"medium":false,"medium_large":false,"large":false,"1536x1536":false,"2048x2048":false},"uagb_author_info":{"display_name":"Jose Ramon Castillejos Moreno","author_link":"https:\/\/laminadosysergraf.es\/index.php\/author\/joserra119\/"},"uagb_comment_info":0,"uagb_excerpt":null,"_links":{"self":[{"href":"https:\/\/laminadosysergraf.es\/index.php\/wp-json\/wp\/v2\/pages\/1015","targetHints":{"allow":["GET"]}}],"collection":[{"href":"https:\/\/laminadosysergraf.es\/index.php\/wp-json\/wp\/v2\/pages"}],"about":[{"href":"https:\/\/laminadosysergraf.es\/index.php\/wp-json\/wp\/v2\/types\/page"}],"author":[{"embeddable":true,"href":"https:\/\/laminadosysergraf.es\/index.php\/wp-json\/wp\/v2\/users\/3"}],"replies":[{"embeddable":true,"href":"https:\/\/laminadosysergraf.es\/index.php\/wp-json\/wp\/v2\/comments?post=1015"}],"version-history":[{"count":5,"href":"https:\/\/laminadosysergraf.es\/index.php\/wp-json\/wp\/v2\/pages\/1015\/revisions"}],"predecessor-version":[{"id":1103,"href":"https:\/\/laminadosysergraf.es\/index.php\/wp-json\/wp\/v2\/pages\/1015\/revisions\/1103"}],"wp:attachment":[{"href":"https:\/\/laminadosysergraf.es\/index.php\/wp-json\/wp\/v2\/media?parent=1015"}],"curies":[{"name":"wp","href":"https:\/\/api.w.org\/{rel}","templated":true}]}}